{"id":173,"date":"2022-09-07T20:56:46","date_gmt":"2022-09-07T18:56:46","guid":{"rendered":"http:\/\/sarah-andree.de\/?page_id=173"},"modified":"2022-09-23T11:26:44","modified_gmt":"2022-09-23T09:26:44","slug":"impressum","status":"publish","type":"page","link":"http:\/\/sarah-andree.de\/en\/impressum\/","title":{"rendered":"Legal Disclosure"},"content":{"rendered":"<h5 class=\"wp-block-heading\">Verantwortlich f\u00fcr den Inhalt dieser Seite:<\/h5>\n\n\n\n<figure class=\"wp-block-image size-full is-resized\"><a href=\"http:\/\/sarah-andree.de\/wp-content\/uploads\/2022\/09\/visitcard.png\"><img loading=\"lazy\" decoding=\"async\" src=\"http:\/\/sarah-andree.de\/wp-content\/uploads\/2022\/09\/visitcard.png\" alt=\"\" class=\"wp-image-518\" width=\"191\" height=\"112\" srcset=\"https:\/\/sarah-andree.de\/wp-content\/uploads\/2022\/09\/visitcard.png 436w, https:\/\/sarah-andree.de\/wp-content\/uploads\/2022\/09\/visitcard-300x176.png 300w, https:\/\/sarah-andree.de\/wp-content\/uploads\/2022\/09\/visitcard-18x12.png 18w\" sizes=\"auto, (max-width: 191px) 100vw, 191px\" \/><\/a><\/figure>\n\n\n\n<p>Verwendung urheberrechtlich gesch\u00fctzer Bilddaten \/ Fotos:<\/p>\n\n\n\n<p>Alle auf dieser WebSite ver\u00f6ffentlichten Fotos\/Bilddaten, unterliegen dem Urheberrecht der K\u00fcnstlerin Sarah Andree, K\u00f6ln, und d\u00fcrfen nicht ohne schriftliche Genehmigung durch Sarah Andree verwendet oder weitergegeben werden.<\/p>\n\n\n\n<p>Disclaimer\/Haftungsausschluss:<\/p>\n\n\n\n<p>Es wird keine Gew\u00e4hr f\u00fcr Richtigkeit und Vollst\u00e4ndigkeit gegeben. Die Angaben auf den Websites erfolgen ausschlie\u00dflich zu allgemeinen Informationszwecken und beinhalten keinen Anspruch auf Vollst\u00e4ndigkeit. Es wird keine Verantwortung f\u00fcr Inhalt und weiterf\u00fchrende Verweise auf den Internet-Seiten, zu denen Links angeboten werden, \u00fcbernommen! Die \u00fcber die Links erreichbaren Texte, Bilder, Darstellungen etc. unterliegen ausschlie\u00dflich der Haftung und Verantwortung der Inhaber der verlinkten Seiten.<\/p>\n\n\n\n<p>Datenschutzerkl\u00e4rung:<\/p>\n\n\n\n<p>Wir wissen, dass Sie als Nutzer unserer Website dem Thema Datenschutz gro\u00dfe Bedeutung beimessen. Uns ist der Schutz Ihrer pers\u00f6nlichen Daten daher ein wichtiges Anliegen. Pers\u00f6nliche Daten, die Sie elektronisch \u00fcbermitteln, z.B. Ihren Namen, Postanschrift, Email-Adresse oder andere pers\u00f6nlichen Angaben, werden von uns dem technischen Standard entsprechend verwahrt und nicht an Dritte weitergegeben.<br>Es gibt eine Technik, genannt \u201cCookies\u201d, mit deren Hilfe Informationen auf einer Website an Ihre Bed\u00fcrfnisse angepasst werden k\u00f6nnen. Unsere Website nutzt solche Cookies, um Ihnen bei der effektiven Nutzung unserer Seite zu helfen. Auch hier garantieren wir, dass die gewonnenen Daten nicht \u00fcber diese genannte unterst\u00fctzenden Funktion hinaus genutzt, ausgewertet oder an andere Parteien weitergegeben werden. Bei Fragen stehen wir Ihnen gerne zur Verf\u00fcgung.<\/p>","protected":false},"excerpt":{"rendered":"<p>Verantwortlich f\u00fcr den Inhalt dieser Seite: Verwendung urheberrechtlich gesch\u00fctzer Bilddaten \/ Fotos: Alle auf dieser WebSite ver\u00f6ffentlichten Fotos\/Bilddaten, unterliegen dem Urheberrecht der K\u00fcnstlerin Sarah Andree, K\u00f6ln, und d\u00fcrfen nicht ohne schriftliche Genehmigung durch Sarah Andree verwendet oder weitergegeben werden. Disclaimer\/Haftungsausschluss: Es wird keine Gew\u00e4hr f\u00fcr Richtigkeit und Vollst\u00e4ndigkeit gegeben. Die Angaben auf den Websites erfolgen [&hellip;]<\/p>\n","protected":false},"author":1,"featured_media":0,"parent":0,"menu_order":0,"comment_status":"closed","ping_status":"closed","template":"","meta":{"footnotes":""},"class_list":["post-173","page","type-page","status-publish","hentry"],"blocksy_meta":{"styles_descriptor":{"styles":{"desktop":"","tablet":"","mobile":""},"google_fonts":[],"version":6}},"_links":{"self":[{"href":"http:\/\/sarah-andree.de\/en\/wp-json\/wp\/v2\/pages\/173","targetHints":{"allow":["GET"]}}],"collection":[{"href":"http:\/\/sarah-andree.de\/en\/wp-json\/wp\/v2\/pages"}],"about":[{"href":"http:\/\/sarah-andree.de\/en\/wp-json\/wp\/v2\/types\/page"}],"author":[{"embeddable":true,"href":"http:\/\/sarah-andree.de\/en\/wp-json\/wp\/v2\/users\/1"}],"replies":[{"embeddable":true,"href":"http:\/\/sarah-andree.de\/en\/wp-json\/wp\/v2\/comments?post=173"}],"version-history":[{"count":5,"href":"http:\/\/sarah-andree.de\/en\/wp-json\/wp\/v2\/pages\/173\/revisions"}],"predecessor-version":[{"id":553,"href":"http:\/\/sarah-andree.de\/en\/wp-json\/wp\/v2\/pages\/173\/revisions\/553"}],"wp:attachment":[{"href":"http:\/\/sarah-andree.de\/en\/wp-json\/wp\/v2\/media?parent=173"}],"curies":[{"name":"wp","href":"https:\/\/api.w.org\/{rel}","templated":true}]}}