{"id":125,"date":"2022-09-07T17:09:14","date_gmt":"2022-09-07T15:09:14","guid":{"rendered":"http:\/\/sarah-andree.de\/?page_id=125"},"modified":"2025-03-17T21:31:01","modified_gmt":"2025-03-17T20:31:01","slug":"interieurs","status":"publish","type":"page","link":"http:\/\/sarah-andree.de\/en\/interieurs\/","title":{"rendered":"Interieurs"},"content":{"rendered":"<figure class=\"wp-block-gallery has-nested-images columns-default is-cropped wp-block-gallery-1 is-layout-flex wp-block-gallery-is-layout-flex\">\n<figure class=\"wp-block-image size-large\"><a href=\"https:\/\/sarah-andree.de\/wp-content\/uploads\/2025\/02\/Der-erkaeltete-Kuenstler_30x40cm_Oel-auf-Leinwand_2019_V1.jpg\"><img loading=\"lazy\" decoding=\"async\" width=\"1024\" height=\"749\" data-id=\"1018\" src=\"https:\/\/sarah-andree.de\/wp-content\/uploads\/2025\/02\/Der-erkaeltete-Kuenstler_30x40cm_Oel-auf-Leinwand_2019_V1-1024x749.jpg\" alt=\"\" class=\"wp-image-1018\" srcset=\"https:\/\/sarah-andree.de\/wp-content\/uploads\/2025\/02\/Der-erkaeltete-Kuenstler_30x40cm_Oel-auf-Leinwand_2019_V1-1024x749.jpg 1024w, https:\/\/sarah-andree.de\/wp-content\/uploads\/2025\/02\/Der-erkaeltete-Kuenstler_30x40cm_Oel-auf-Leinwand_2019_V1-300x220.jpg 300w, https:\/\/sarah-andree.de\/wp-content\/uploads\/2025\/02\/Der-erkaeltete-Kuenstler_30x40cm_Oel-auf-Leinwand_2019_V1-768x562.jpg 768w, https:\/\/sarah-andree.de\/wp-content\/uploads\/2025\/02\/Der-erkaeltete-Kuenstler_30x40cm_Oel-auf-Leinwand_2019_V1-1536x1124.jpg 1536w, https:\/\/sarah-andree.de\/wp-content\/uploads\/2025\/02\/Der-erkaeltete-Kuenstler_30x40cm_Oel-auf-Leinwand_2019_V1-16x12.jpg 16w, https:\/\/sarah-andree.de\/wp-content\/uploads\/2025\/02\/Der-erkaeltete-Kuenstler_30x40cm_Oel-auf-Leinwand_2019_V1.jpg 1820w\" sizes=\"auto, (max-width: 1024px) 100vw, 1024px\" \/><\/a><figcaption class=\"wp-element-caption\">Der erk\u00e4ltete K\u00fcnstler, 30 x 40 cm, \u00d6l auf Leinwand, 2019<\/figcaption><\/figure>\n\n\n\n<figure class=\"wp-block-image size-large\"><a href=\"http:\/\/sarah-andree.de\/wp-content\/uploads\/2022\/09\/Schlafzimmer_125x180cm_2011.jpg\"><img loading=\"lazy\" decoding=\"async\" width=\"1776\" height=\"1280\" data-id=\"139\" src=\"http:\/\/sarah-andree.de\/wp-content\/uploads\/2022\/09\/Schlafzimmer_125x180cm_2011.jpg\" alt=\"\" class=\"wp-image-139\" srcset=\"https:\/\/sarah-andree.de\/wp-content\/uploads\/2022\/09\/Schlafzimmer_125x180cm_2011.jpg 1776w, https:\/\/sarah-andree.de\/wp-content\/uploads\/2022\/09\/Schlafzimmer_125x180cm_2011-300x216.jpg 300w, https:\/\/sarah-andree.de\/wp-content\/uploads\/2022\/09\/Schlafzimmer_125x180cm_2011-1024x738.jpg 1024w, https:\/\/sarah-andree.de\/wp-content\/uploads\/2022\/09\/Schlafzimmer_125x180cm_2011-768x554.jpg 768w, https:\/\/sarah-andree.de\/wp-content\/uploads\/2022\/09\/Schlafzimmer_125x180cm_2011-1536x1107.jpg 1536w, https:\/\/sarah-andree.de\/wp-content\/uploads\/2022\/09\/Schlafzimmer_125x180cm_2011-18x12.jpg 18w\" sizes=\"auto, (max-width: 1776px) 100vw, 1776px\" \/><\/a><figcaption class=\"wp-element-caption\">\u201eSchlafzimmer\u201c, 125 x 180 cm, \u00d6l auf Leinwand, 2011<\/figcaption><\/figure>\n\n\n\n<figure class=\"wp-block-image size-large\"><a href=\"http:\/\/sarah-andree.de\/wp-content\/uploads\/2022\/09\/Gestern_125x180cm_2011.jpg\"><img loading=\"lazy\" decoding=\"async\" width=\"1760\" height=\"1280\" data-id=\"135\" src=\"http:\/\/sarah-andree.de\/wp-content\/uploads\/2022\/09\/Gestern_125x180cm_2011.jpg\" alt=\"\" class=\"wp-image-135\" srcset=\"https:\/\/sarah-andree.de\/wp-content\/uploads\/2022\/09\/Gestern_125x180cm_2011.jpg 1760w, https:\/\/sarah-andree.de\/wp-content\/uploads\/2022\/09\/Gestern_125x180cm_2011-300x218.jpg 300w, https:\/\/sarah-andree.de\/wp-content\/uploads\/2022\/09\/Gestern_125x180cm_2011-1024x745.jpg 1024w, https:\/\/sarah-andree.de\/wp-content\/uploads\/2022\/09\/Gestern_125x180cm_2011-768x559.jpg 768w, https:\/\/sarah-andree.de\/wp-content\/uploads\/2022\/09\/Gestern_125x180cm_2011-1536x1117.jpg 1536w, https:\/\/sarah-andree.de\/wp-content\/uploads\/2022\/09\/Gestern_125x180cm_2011-18x12.jpg 18w\" sizes=\"auto, (max-width: 1760px) 100vw, 1760px\" \/><\/a><figcaption class=\"wp-element-caption\">\u201eGestern\u201c 125 x 180 cm, \u00d6l auf Leinwand, 2011<\/figcaption><\/figure>\n\n\n\n<figure class=\"wp-block-image size-large\"><a href=\"http:\/\/sarah-andree.de\/wp-content\/uploads\/2022\/09\/Dahinter_155x100cm_2010.jpg\"><img loading=\"lazy\" decoding=\"async\" width=\"822\" height=\"1280\" data-id=\"131\" src=\"http:\/\/sarah-andree.de\/wp-content\/uploads\/2022\/09\/Dahinter_155x100cm_2010.jpg\" alt=\"\" class=\"wp-image-131\" srcset=\"https:\/\/sarah-andree.de\/wp-content\/uploads\/2022\/09\/Dahinter_155x100cm_2010.jpg 822w, https:\/\/sarah-andree.de\/wp-content\/uploads\/2022\/09\/Dahinter_155x100cm_2010-193x300.jpg 193w, https:\/\/sarah-andree.de\/wp-content\/uploads\/2022\/09\/Dahinter_155x100cm_2010-658x1024.jpg 658w, https:\/\/sarah-andree.de\/wp-content\/uploads\/2022\/09\/Dahinter_155x100cm_2010-768x1196.jpg 768w, https:\/\/sarah-andree.de\/wp-content\/uploads\/2022\/09\/Dahinter_155x100cm_2010-8x12.jpg 8w\" sizes=\"auto, (max-width: 822px) 100vw, 822px\" \/><\/a><figcaption class=\"wp-element-caption\">\u201eDahinter&#8220;, 155 x 100 cm, \u00d6l auf Leinwand, 2010<\/figcaption><\/figure>\n\n\n\n<figure class=\"wp-block-image size-large\"><a href=\"http:\/\/sarah-andree.de\/wp-content\/uploads\/2022\/09\/Daheim-II_130x180cm_2013V1.jpg\"><img loading=\"lazy\" decoding=\"async\" width=\"1773\" height=\"1280\" data-id=\"130\" src=\"http:\/\/sarah-andree.de\/wp-content\/uploads\/2022\/09\/Daheim-II_130x180cm_2013V1.jpg\" alt=\"\" class=\"wp-image-130\" srcset=\"https:\/\/sarah-andree.de\/wp-content\/uploads\/2022\/09\/Daheim-II_130x180cm_2013V1.jpg 1773w, https:\/\/sarah-andree.de\/wp-content\/uploads\/2022\/09\/Daheim-II_130x180cm_2013V1-300x217.jpg 300w, https:\/\/sarah-andree.de\/wp-content\/uploads\/2022\/09\/Daheim-II_130x180cm_2013V1-1024x739.jpg 1024w, https:\/\/sarah-andree.de\/wp-content\/uploads\/2022\/09\/Daheim-II_130x180cm_2013V1-768x554.jpg 768w, https:\/\/sarah-andree.de\/wp-content\/uploads\/2022\/09\/Daheim-II_130x180cm_2013V1-1536x1109.jpg 1536w, https:\/\/sarah-andree.de\/wp-content\/uploads\/2022\/09\/Daheim-II_130x180cm_2013V1-18x12.jpg 18w\" sizes=\"auto, (max-width: 1773px) 100vw, 1773px\" \/><\/a><figcaption class=\"wp-element-caption\">\u201eDaheim II\u201c, 130 x 180 cm, \u00d6l auf Leinwand, 2013<\/figcaption><\/figure>\n\n\n\n<figure class=\"wp-block-image size-large\"><a href=\"http:\/\/sarah-andree.de\/wp-content\/uploads\/2022\/09\/Daheim-I_110x155cm_2012.jpg\"><img loading=\"lazy\" decoding=\"async\" width=\"1819\" height=\"1280\" data-id=\"129\" src=\"http:\/\/sarah-andree.de\/wp-content\/uploads\/2022\/09\/Daheim-I_110x155cm_2012.jpg\" alt=\"\" class=\"wp-image-129\" srcset=\"https:\/\/sarah-andree.de\/wp-content\/uploads\/2022\/09\/Daheim-I_110x155cm_2012.jpg 1819w, https:\/\/sarah-andree.de\/wp-content\/uploads\/2022\/09\/Daheim-I_110x155cm_2012-300x211.jpg 300w, https:\/\/sarah-andree.de\/wp-content\/uploads\/2022\/09\/Daheim-I_110x155cm_2012-1024x721.jpg 1024w, https:\/\/sarah-andree.de\/wp-content\/uploads\/2022\/09\/Daheim-I_110x155cm_2012-768x540.jpg 768w, https:\/\/sarah-andree.de\/wp-content\/uploads\/2022\/09\/Daheim-I_110x155cm_2012-1536x1081.jpg 1536w, https:\/\/sarah-andree.de\/wp-content\/uploads\/2022\/09\/Daheim-I_110x155cm_2012-18x12.jpg 18w\" sizes=\"auto, (max-width: 1819px) 100vw, 1819px\" \/><\/a><figcaption class=\"wp-element-caption\">\u201eDaheim I\u201c, 110 x 155 cm \u00d6l auf Leinwand, 2012<\/figcaption><\/figure>\n\n\n\n<figure class=\"wp-block-image size-large\"><a href=\"http:\/\/sarah-andree.de\/wp-content\/uploads\/2022\/10\/Gaestetoilette-I_155x110cm_2010.jpg\"><img loading=\"lazy\" decoding=\"async\" width=\"1298\" height=\"1820\" data-id=\"758\" src=\"http:\/\/sarah-andree.de\/wp-content\/uploads\/2022\/10\/Gaestetoilette-I_155x110cm_2010.jpg\" alt=\"\" class=\"wp-image-758\" srcset=\"https:\/\/sarah-andree.de\/wp-content\/uploads\/2022\/10\/Gaestetoilette-I_155x110cm_2010.jpg 1298w, https:\/\/sarah-andree.de\/wp-content\/uploads\/2022\/10\/Gaestetoilette-I_155x110cm_2010-214x300.jpg 214w, https:\/\/sarah-andree.de\/wp-content\/uploads\/2022\/10\/Gaestetoilette-I_155x110cm_2010-730x1024.jpg 730w, https:\/\/sarah-andree.de\/wp-content\/uploads\/2022\/10\/Gaestetoilette-I_155x110cm_2010-768x1077.jpg 768w, https:\/\/sarah-andree.de\/wp-content\/uploads\/2022\/10\/Gaestetoilette-I_155x110cm_2010-1095x1536.jpg 1095w, https:\/\/sarah-andree.de\/wp-content\/uploads\/2022\/10\/Gaestetoilette-I_155x110cm_2010-9x12.jpg 9w\" sizes=\"auto, (max-width: 1298px) 100vw, 1298px\" \/><\/a><figcaption class=\"wp-element-caption\">\u201eG\u00e4stetoilette I\u201c, 155 x 110 cm, \u00d6l auf Leinwand, 2010<\/figcaption><\/figure>\n\n\n\n<figure class=\"wp-block-image size-large\"><a href=\"http:\/\/sarah-andree.de\/wp-content\/uploads\/2022\/10\/Kueche_180x120cm_2012.jpg\"><img loading=\"lazy\" decoding=\"async\" width=\"856\" height=\"1280\" data-id=\"759\" src=\"http:\/\/sarah-andree.de\/wp-content\/uploads\/2022\/10\/Kueche_180x120cm_2012.jpg\" alt=\"\" class=\"wp-image-759\" srcset=\"https:\/\/sarah-andree.de\/wp-content\/uploads\/2022\/10\/Kueche_180x120cm_2012.jpg 856w, https:\/\/sarah-andree.de\/wp-content\/uploads\/2022\/10\/Kueche_180x120cm_2012-201x300.jpg 201w, https:\/\/sarah-andree.de\/wp-content\/uploads\/2022\/10\/Kueche_180x120cm_2012-685x1024.jpg 685w, https:\/\/sarah-andree.de\/wp-content\/uploads\/2022\/10\/Kueche_180x120cm_2012-768x1148.jpg 768w, https:\/\/sarah-andree.de\/wp-content\/uploads\/2022\/10\/Kueche_180x120cm_2012-8x12.jpg 8w\" sizes=\"auto, (max-width: 856px) 100vw, 856px\" \/><\/a><figcaption class=\"wp-element-caption\">\u201eK\u00fcche\u201c, 180 x 120 cm, \u00d6l auf Leinwand, 2012<\/figcaption><\/figure>\n\n\n\n<figure class=\"wp-block-image size-large\"><a href=\"http:\/\/sarah-andree.de\/wp-content\/uploads\/2022\/09\/Eingepackt_100x120cm_2003.jpg\"><img loading=\"lazy\" decoding=\"async\" width=\"1541\" height=\"1280\" data-id=\"133\" src=\"http:\/\/sarah-andree.de\/wp-content\/uploads\/2022\/09\/Eingepackt_100x120cm_2003.jpg\" alt=\"\" class=\"wp-image-133\" srcset=\"https:\/\/sarah-andree.de\/wp-content\/uploads\/2022\/09\/Eingepackt_100x120cm_2003.jpg 1541w, https:\/\/sarah-andree.de\/wp-content\/uploads\/2022\/09\/Eingepackt_100x120cm_2003-300x249.jpg 300w, https:\/\/sarah-andree.de\/wp-content\/uploads\/2022\/09\/Eingepackt_100x120cm_2003-1024x851.jpg 1024w, https:\/\/sarah-andree.de\/wp-content\/uploads\/2022\/09\/Eingepackt_100x120cm_2003-768x638.jpg 768w, https:\/\/sarah-andree.de\/wp-content\/uploads\/2022\/09\/Eingepackt_100x120cm_2003-1536x1276.jpg 1536w, https:\/\/sarah-andree.de\/wp-content\/uploads\/2022\/09\/Eingepackt_100x120cm_2003-14x12.jpg 14w\" sizes=\"auto, (max-width: 1541px) 100vw, 1541px\" \/><\/a><figcaption class=\"wp-element-caption\">\u201eEingepackt\u201c, 100 x 120 cm, \u00d6l auf Leinwand, 2003<\/figcaption><\/figure>\n\n\n\n<figure class=\"wp-block-image size-large\"><a href=\"http:\/\/sarah-andree.de\/wp-content\/uploads\/2022\/10\/Gaestetoilette-II_125x180cm_2010-1.jpg\"><img loading=\"lazy\" decoding=\"async\" width=\"1780\" height=\"1280\" data-id=\"625\" src=\"http:\/\/sarah-andree.de\/wp-content\/uploads\/2022\/10\/Gaestetoilette-II_125x180cm_2010-1.jpg\" alt=\"\" class=\"wp-image-625\" srcset=\"https:\/\/sarah-andree.de\/wp-content\/uploads\/2022\/10\/Gaestetoilette-II_125x180cm_2010-1.jpg 1780w, https:\/\/sarah-andree.de\/wp-content\/uploads\/2022\/10\/Gaestetoilette-II_125x180cm_2010-1-300x216.jpg 300w, https:\/\/sarah-andree.de\/wp-content\/uploads\/2022\/10\/Gaestetoilette-II_125x180cm_2010-1-1024x736.jpg 1024w, https:\/\/sarah-andree.de\/wp-content\/uploads\/2022\/10\/Gaestetoilette-II_125x180cm_2010-1-768x552.jpg 768w, https:\/\/sarah-andree.de\/wp-content\/uploads\/2022\/10\/Gaestetoilette-II_125x180cm_2010-1-1536x1105.jpg 1536w, https:\/\/sarah-andree.de\/wp-content\/uploads\/2022\/10\/Gaestetoilette-II_125x180cm_2010-1-18x12.jpg 18w\" sizes=\"auto, (max-width: 1780px) 100vw, 1780px\" \/><\/a><figcaption class=\"wp-element-caption\">\u201eG\u00e4stetoilette II\u201c, 125 x 180 cm, \u00d6l auf Leinwand, 2010<\/figcaption><\/figure>\n\n\n\n<figure class=\"wp-block-image size-large\"><a href=\"http:\/\/sarah-andree.de\/wp-content\/uploads\/2022\/09\/Durchblick_155x110cm_2010.jpg\"><img loading=\"lazy\" decoding=\"async\" width=\"903\" height=\"1280\" data-id=\"132\" src=\"http:\/\/sarah-andree.de\/wp-content\/uploads\/2022\/09\/Durchblick_155x110cm_2010.jpg\" alt=\"\" class=\"wp-image-132\" srcset=\"https:\/\/sarah-andree.de\/wp-content\/uploads\/2022\/09\/Durchblick_155x110cm_2010.jpg 903w, https:\/\/sarah-andree.de\/wp-content\/uploads\/2022\/09\/Durchblick_155x110cm_2010-212x300.jpg 212w, https:\/\/sarah-andree.de\/wp-content\/uploads\/2022\/09\/Durchblick_155x110cm_2010-722x1024.jpg 722w, https:\/\/sarah-andree.de\/wp-content\/uploads\/2022\/09\/Durchblick_155x110cm_2010-768x1089.jpg 768w, https:\/\/sarah-andree.de\/wp-content\/uploads\/2022\/09\/Durchblick_155x110cm_2010-8x12.jpg 8w\" sizes=\"auto, (max-width: 903px) 100vw, 903px\" \/><\/a><figcaption class=\"wp-element-caption\">\u201eDurchblick\u201c,155 x 110 cm, \u00d6l auf Leinwand, 2010<\/figcaption><\/figure>\n\n\n\n<figure class=\"wp-block-image size-large\"><a href=\"http:\/\/sarah-andree.de\/wp-content\/uploads\/2022\/09\/Home-I_80x100cm_2009-10.jpg\"><img loading=\"lazy\" decoding=\"async\" width=\"1592\" height=\"1280\" data-id=\"136\" src=\"http:\/\/sarah-andree.de\/wp-content\/uploads\/2022\/09\/Home-I_80x100cm_2009-10.jpg\" alt=\"\" class=\"wp-image-136\" srcset=\"https:\/\/sarah-andree.de\/wp-content\/uploads\/2022\/09\/Home-I_80x100cm_2009-10.jpg 1592w, https:\/\/sarah-andree.de\/wp-content\/uploads\/2022\/09\/Home-I_80x100cm_2009-10-300x241.jpg 300w, https:\/\/sarah-andree.de\/wp-content\/uploads\/2022\/09\/Home-I_80x100cm_2009-10-1024x823.jpg 1024w, https:\/\/sarah-andree.de\/wp-content\/uploads\/2022\/09\/Home-I_80x100cm_2009-10-768x617.jpg 768w, https:\/\/sarah-andree.de\/wp-content\/uploads\/2022\/09\/Home-I_80x100cm_2009-10-1536x1235.jpg 1536w, https:\/\/sarah-andree.de\/wp-content\/uploads\/2022\/09\/Home-I_80x100cm_2009-10-15x12.jpg 15w\" sizes=\"auto, (max-width: 1592px) 100vw, 1592px\" \/><\/a><figcaption class=\"wp-element-caption\">\u201eHome I\u201c 80 x 100 cm, \u00d6l auf Leinwand, 2009\/10<\/figcaption><\/figure>\n\n\n\n<figure class=\"wp-block-image size-large\"><a href=\"http:\/\/sarah-andree.de\/wp-content\/uploads\/2022\/09\/Rotes-Klo_100x70cm_2001.jpg\"><img loading=\"lazy\" decoding=\"async\" width=\"901\" height=\"1280\" data-id=\"138\" src=\"http:\/\/sarah-andree.de\/wp-content\/uploads\/2022\/09\/Rotes-Klo_100x70cm_2001.jpg\" alt=\"\" class=\"wp-image-138\" srcset=\"https:\/\/sarah-andree.de\/wp-content\/uploads\/2022\/09\/Rotes-Klo_100x70cm_2001.jpg 901w, https:\/\/sarah-andree.de\/wp-content\/uploads\/2022\/09\/Rotes-Klo_100x70cm_2001-211x300.jpg 211w, https:\/\/sarah-andree.de\/wp-content\/uploads\/2022\/09\/Rotes-Klo_100x70cm_2001-721x1024.jpg 721w, https:\/\/sarah-andree.de\/wp-content\/uploads\/2022\/09\/Rotes-Klo_100x70cm_2001-768x1091.jpg 768w, https:\/\/sarah-andree.de\/wp-content\/uploads\/2022\/09\/Rotes-Klo_100x70cm_2001-8x12.jpg 8w\" sizes=\"auto, (max-width: 901px) 100vw, 901px\" \/><\/a><figcaption class=\"wp-element-caption\">\u201eRotes Klo\u201c, 100 x 70 cm, \u00d6l auf Leinwand, 2001<\/figcaption><\/figure>\n\n\n\n<figure class=\"wp-block-image size-large\"><a href=\"http:\/\/sarah-andree.de\/wp-content\/uploads\/2022\/10\/Verzoegerung_155x200cm_2003.jpg\"><img loading=\"lazy\" decoding=\"async\" width=\"1707\" height=\"1280\" data-id=\"760\" src=\"http:\/\/sarah-andree.de\/wp-content\/uploads\/2022\/10\/Verzoegerung_155x200cm_2003.jpg\" alt=\"\" class=\"wp-image-760\" srcset=\"https:\/\/sarah-andree.de\/wp-content\/uploads\/2022\/10\/Verzoegerung_155x200cm_2003.jpg 1707w, https:\/\/sarah-andree.de\/wp-content\/uploads\/2022\/10\/Verzoegerung_155x200cm_2003-300x225.jpg 300w, https:\/\/sarah-andree.de\/wp-content\/uploads\/2022\/10\/Verzoegerung_155x200cm_2003-1024x768.jpg 1024w, https:\/\/sarah-andree.de\/wp-content\/uploads\/2022\/10\/Verzoegerung_155x200cm_2003-768x576.jpg 768w, https:\/\/sarah-andree.de\/wp-content\/uploads\/2022\/10\/Verzoegerung_155x200cm_2003-1536x1152.jpg 1536w, https:\/\/sarah-andree.de\/wp-content\/uploads\/2022\/10\/Verzoegerung_155x200cm_2003-16x12.jpg 16w\" sizes=\"auto, (max-width: 1707px) 100vw, 1707px\" \/><\/a><figcaption class=\"wp-element-caption\">\u201eVerz\u00f6gerung\u201c, 155 x 200 cm, \u00d6l auf Leinwand, 2003<\/figcaption><\/figure>\n<\/figure>","protected":false},"excerpt":{"rendered":"","protected":false},"author":1,"featured_media":0,"parent":0,"menu_order":0,"comment_status":"closed","ping_status":"closed","template":"","meta":{"footnotes":""},"class_list":["post-125","page","type-page","status-publish","hentry"],"blocksy_meta":{"styles_descriptor":{"styles":{"desktop":"","tablet":"","mobile":""},"google_fonts":[],"version":6}},"_links":{"self":[{"href":"http:\/\/sarah-andree.de\/en\/wp-json\/wp\/v2\/pages\/125","targetHints":{"allow":["GET"]}}],"collection":[{"href":"http:\/\/sarah-andree.de\/en\/wp-json\/wp\/v2\/pages"}],"about":[{"href":"http:\/\/sarah-andree.de\/en\/wp-json\/wp\/v2\/types\/page"}],"author":[{"embeddable":true,"href":"http:\/\/sarah-andree.de\/en\/wp-json\/wp\/v2\/users\/1"}],"replies":[{"embeddable":true,"href":"http:\/\/sarah-andree.de\/en\/wp-json\/wp\/v2\/comments?post=125"}],"version-history":[{"count":21,"href":"http:\/\/sarah-andree.de\/en\/wp-json\/wp\/v2\/pages\/125\/revisions"}],"predecessor-version":[{"id":1068,"href":"http:\/\/sarah-andree.de\/en\/wp-json\/wp\/v2\/pages\/125\/revisions\/1068"}],"wp:attachment":[{"href":"http:\/\/sarah-andree.de\/en\/wp-json\/wp\/v2\/media?parent=125"}],"curies":[{"name":"wp","href":"https:\/\/api.w.org\/{rel}","templated":true}]}}